{"id":1091,"date":"2023-02-17T11:16:46","date_gmt":"2023-02-17T10:16:46","guid":{"rendered":"https:\/\/2palomas.com\/dospalomas\/"},"modified":"2024-02-05T18:38:36","modified_gmt":"2024-02-05T17:38:36","slug":"dospalomas","status":"publish","type":"page","link":"https:\/\/2palomas.com\/en\/dospalomas\/","title":{"rendered":"dospalomas"},"content":{"rendered":"\t\t<div data-elementor-type=\"wp-page\" data-elementor-id=\"1091\" class=\"elementor elementor-1091 elementor-116\" data-elementor-post-type=\"page\">\n\t\t\t\t\t\t<section class=\"elementor-section elementor-top-section elementor-element elementor-element-32cf418 elementor-section-full_width elementor-reverse-tablet elementor-reverse-mobile elementor-section-height-full elementor-section-items-stretch elementor-section-height-default\" data-id=\"32cf418\" data-element_type=\"section\">\n\t\t\t\t\t\t<div class=\"elementor-container elementor-column-gap-no\">\n\t\t\t\t\t<div class=\"elementor-column elementor-col-50 elementor-top-column elementor-element elementor-element-9b74e33\" data-id=\"9b74e33\" data-element_type=\"column\" data-settings=\"{&quot;background_background&quot;:&quot;classic&quot;}\">\n\t\t\t<div class=\"elementor-widget-wrap\">\n\t\t\t\t\t\t\t<\/div>\n\t\t<\/div>\n\t\t\t\t<div class=\"elementor-column elementor-col-50 elementor-top-column elementor-element elementor-element-cce5964\" data-id=\"cce5964\" data-element_type=\"column\">\n\t\t\t<div class=\"elementor-widget-wrap elementor-element-populated\">\n\t\t\t\t\t\t<div class=\"elementor-element elementor-element-52deffe elementor-widget elementor-widget-text-editor\" data-id=\"52deffe\" data-element_type=\"widget\" data-widget_type=\"text-editor.default\">\n\t\t\t\t<div class=\"elementor-widget-container\">\n\t\t\t\t\t\t\t\t\t<p>Paloma &#8212;- Designer<\/p>\n\t\t\t\t\t\t\t\t<\/div>\n\t\t\t\t<\/div>\n\t\t\t\t<div class=\"elementor-element elementor-element-76a74be elementor-widget elementor-widget-text-editor\" data-id=\"76a74be\" data-element_type=\"widget\" data-widget_type=\"text-editor.default\">\n\t\t\t\t<div class=\"elementor-widget-container\">\n\t\t\t\t\t\t\t\t\t<p>\u201cBisuter\u00eda y complementos para mujeres modernas y sofisticadas\u201d<\/p>\n\t\t\t\t\t\t\t\t<\/div>\n\t\t\t\t<\/div>\n\t\t\t\t<div class=\"elementor-element elementor-element-3f688f9 elementor-widget elementor-widget-text-editor\" data-id=\"3f688f9\" data-element_type=\"widget\" data-widget_type=\"text-editor.default\">\n\t\t\t\t<div class=\"elementor-widget-container\">\n\t\t\t\t\t\t\t\t\t<p>Paloma Buesa y Paloma Bezares decidieron un d\u00eda hacer de su hobby un peque\u00f1o espacio de diversi\u00f3n y creatividad: el Taller de Paloma, el lugar donde dedicaban horas a dise\u00f1ar peque\u00f1as piezas de bisuter\u00eda llenas de color, frescura y originalidad.<\/p>\n<p>Fueron a\u00f1os de disfrutar creando y uniendo colores, piedras y abalorios , a\u00f1os de brindar imaginaci\u00f3n y calidez a los veranos de la juventud. Y tambi\u00e9n a\u00f1os de muchas confidencias.<\/p>\n<p>En 2019 desgraciadamente Paloma Buesa fallece, y llega una \u00e9poca de incertidumbre, y de dolor, que superamos con el apoyo de nuestra familia y nuestro p\u00fablico que nos segu\u00eda pidiendo nuevos dise\u00f1os.<\/p>\n<p>En honor a Paloma Buesa decidimos continuar el camino y fundar *Dos Palomas*, como un homenaje a sus dos fundadoras, que con tanto cari\u00f1o y dedicaci\u00f3n han creado una firma de bisuter\u00eda que el tiempo ha consolidado en el mercado.<\/p>\n<p>Dos Palomas es una firma de bisuter\u00eda y complementos para Mujeres modernas y sofisticadas a las que les gusta la moda y los complementos de calidad.<\/p>\n\t\t\t\t\t\t\t\t<\/div>\n\t\t\t\t<\/div>\n\t\t\t\t<section class=\"elementor-section elementor-inner-section elementor-element elementor-element-1fb0d3e elementor-section-boxed elementor-section-height-default elementor-section-height-default\" data-id=\"1fb0d3e\" data-element_type=\"section\">\n\t\t\t\t\t\t<div class=\"elementor-container elementor-column-gap-default\">\n\t\t\t\t\t<div class=\"elementor-column elementor-col-50 elementor-inner-column elementor-element elementor-element-20fd83c\" data-id=\"20fd83c\" data-element_type=\"column\">\n\t\t\t<div class=\"elementor-widget-wrap elementor-element-populated\">\n\t\t\t\t\t\t<div class=\"elementor-element elementor-element-7ce3e99 elementor-widget elementor-widget-pls-heading\" data-id=\"7ce3e99\" data-element_type=\"widget\" data-widget_type=\"pls-heading.default\">\n\t\t\t\t<div class=\"elementor-widget-container\">\n\t\t\t\t\t<div id=\"pls-header-97224\" class=\"pls-element pls-heading pls-text-left separator-none\">\t\n\t\t\t\n\t\t\t<div class=\"heading-wrap\">\n\t\t\t<span class=\"separator-left\"><\/span>\n\t\t\t<h2 class=\"heading-title\">CONTACTO<\/h2>\t\t\t<span class=\"separator-right\"><\/span>\n\t\t\t\t\t<\/div>\n\t\t\n    \t\t<div class=\"heading-tagline\"> Tel\u00e9fono: 607 54 82 50<br\/>\nEmail: dos2palomas@gmail.com <\/div>\n\t<\/div>\t\t\t\t<\/div>\n\t\t\t\t<\/div>\n\t\t\t\t\t<\/div>\n\t\t<\/div>\n\t\t\t\t<div class=\"elementor-column elementor-col-50 elementor-inner-column elementor-element elementor-element-891e2a1\" data-id=\"891e2a1\" data-element_type=\"column\">\n\t\t\t<div class=\"elementor-widget-wrap elementor-element-populated\">\n\t\t\t\t\t\t<div class=\"elementor-element elementor-element-af607fe elementor-widget elementor-widget-pls-heading\" data-id=\"af607fe\" data-element_type=\"widget\" data-widget_type=\"pls-heading.default\">\n\t\t\t\t<div class=\"elementor-widget-container\">\n\t\t\t\t\t<div id=\"pls-header-40333\" class=\"pls-element pls-heading pls-text-left separator-none\">\t\n\t\t\t\n\t\t\t<div class=\"heading-wrap\">\n\t\t\t<span class=\"separator-left\"><\/span>\n\t\t\t<h2 class=\"heading-title\">VIS\u00cdTANOS<\/h2>\t\t\t<span class=\"separator-right\"><\/span>\n\t\t\t\t\t<\/div>\n\t\t\n    \t\t<div class=\"heading-tagline\"> Calle Miguel Villanueva 8, 5A<br>Logro\u00f1o 26001, Espa\u00f1a <\/div>\n\t<\/div>\t\t\t\t<\/div>\n\t\t\t\t<\/div>\n\t\t\t\t\t<\/div>\n\t\t<\/div>\n\t\t\t\t\t<\/div>\n\t\t<\/section>\n\t\t\t\t\t<\/div>\n\t\t<\/div>\n\t\t\t\t\t<\/div>\n\t\t<\/section>\n\t\t\t\t<\/div>\n\t\t","protected":false},"excerpt":{"rendered":"<p>Paloma &#8212;- Designer \u201cBisuter\u00eda y complementos para mujeres modernas y sofisticadas\u201d Paloma Buesa y Paloma Bezares decidieron un d\u00eda hacer de su hobby un peque\u00f1o espacio de diversi\u00f3n y creatividad:<\/p>\n","protected":false},"author":1,"featured_media":0,"parent":0,"menu_order":0,"comment_status":"closed","ping_status":"closed","template":"","meta":{"footnotes":""},"class_list":["post-1091","page","type-page","status-publish","hentry"],"_links":{"self":[{"href":"https:\/\/2palomas.com\/en\/wp-json\/wp\/v2\/pages\/1091","targetHints":{"allow":["GET"]}}],"collection":[{"href":"https:\/\/2palomas.com\/en\/wp-json\/wp\/v2\/pages"}],"about":[{"href":"https:\/\/2palomas.com\/en\/wp-json\/wp\/v2\/types\/page"}],"author":[{"embeddable":true,"href":"https:\/\/2palomas.com\/en\/wp-json\/wp\/v2\/users\/1"}],"replies":[{"embeddable":true,"href":"https:\/\/2palomas.com\/en\/wp-json\/wp\/v2\/comments?post=1091"}],"version-history":[{"count":13,"href":"https:\/\/2palomas.com\/en\/wp-json\/wp\/v2\/pages\/1091\/revisions"}],"predecessor-version":[{"id":1600,"href":"https:\/\/2palomas.com\/en\/wp-json\/wp\/v2\/pages\/1091\/revisions\/1600"}],"wp:attachment":[{"href":"https:\/\/2palomas.com\/en\/wp-json\/wp\/v2\/media?parent=1091"}],"curies":[{"name":"wp","href":"https:\/\/api.w.org\/{rel}","templated":true}]}}